{"id":60,"date":"2024-04-16T13:49:28","date_gmt":"2024-04-16T11:49:28","guid":{"rendered":"https:\/\/www.us2i.net\/?page_id=60"},"modified":"2024-04-16T13:49:28","modified_gmt":"2024-04-16T11:49:28","slug":"faq-foire-aux-questions","status":"publish","type":"page","link":"https:\/\/www.us2i.net\/?page_id=60","title":{"rendered":"FAQ: Foire Aux Questions"},"content":{"rendered":"\n<p><\/p>\n\n\n\n<h3 class=\"wp-block-heading\">Quels sont les services propos\u00e9s par US2I ?<\/h3>\n\n\n\n<p>Nous proposons une gamme compl\u00e8te de services dans les domaines du d\u00e9veloppement web, de la cybers\u00e9curit\u00e9, de la conception graphique et bien plus encore. Pour en savoir plus sur nos services, veuillez consulter la page \u00ab\u00a0Services\u00a0\u00bb de notre site web.<\/p>\n\n\n\n<h4 class=\"wp-block-heading\">Comment puis-je contacter le service client\u00e8le de US2I ?<\/h4>\n\n\n\n<p>Vous pouvez nous contacter par e-mail \u00e0 l&rsquo;adresse [adresse e-mail], par t\u00e9l\u00e9phone au [num\u00e9ro de t\u00e9l\u00e9phone], ou en utilisant notre formulaire de contact en ligne disponible sur la page \u00ab\u00a0Contact\u00a0\u00bb.<\/p>\n\n\n\n<h4 class=\"wp-block-heading\">Quels sont les d\u00e9lais de livraison pour les produits command\u00e9s sur votre site ?<\/h4>\n\n\n\n<p>Les d\u00e9lais de livraison varient en fonction du produit et de votre emplacement g\u00e9ographique. Pour obtenir des informations sp\u00e9cifiques sur les d\u00e9lais de livraison, veuillez consulter la page de chaque produit ou contacter notre service client\u00e8le.<\/p>\n\n\n\n<h4 class=\"wp-block-heading\">Quelle est votre politique de retour et de remboursement ?<\/h4>\n\n\n\n<p>Nous offrons une politique de retour et de remboursement de [nombre] jours pour la plupart de nos produits. Pour plus de d\u00e9tails sur notre politique de retour et de remboursement, veuillez consulter la page \u00ab\u00a0Politique de retour\u00a0\u00bb de notre site web.<\/p>\n\n\n\n<h4 class=\"wp-block-heading\">Acceptez-vous les paiements par carte de cr\u00e9dit ?<\/h4>\n\n\n\n<p>Oui, nous acceptons les paiements par carte de cr\u00e9dit via notre passerelle de paiement s\u00e9curis\u00e9e. Nous acceptons \u00e9galement d&rsquo;autres modes de paiement tels que PayPal et virement bancaire.<\/p>\n\n\n\n<h4 class=\"wp-block-heading\">Quelles sont les mesures de s\u00e9curit\u00e9 mises en place pour prot\u00e9ger mes donn\u00e9es personnelles ?<\/h4>\n\n\n\n<p>Nous prenons la s\u00e9curit\u00e9 de vos donn\u00e9es personnelles tr\u00e8s au s\u00e9rieux. Nous utilisons des mesures de s\u00e9curit\u00e9 avanc\u00e9es telles que le cryptage SSL pour prot\u00e9ger vos informations contre toute utilisation non autoris\u00e9e.<\/p>\n","protected":false},"excerpt":{"rendered":"<p>Quels sont les services propos\u00e9s par US2I ? Nous proposons une gamme compl\u00e8te de services dans les domaines du d\u00e9veloppement web, de la cybers\u00e9curit\u00e9, de la conception graphique et bien plus encore. Pour en savoir plus sur nos services, veuillez consulter la page \u00ab\u00a0Services\u00a0\u00bb de notre site web. Comment puis-je contacter le service client\u00e8le de [&hellip;]<\/p>\n","protected":false},"author":1,"featured_media":0,"parent":0,"menu_order":0,"comment_status":"closed","ping_status":"closed","template":"","meta":{"_uag_custom_page_level_css":"","ocean_post_layout":"","ocean_both_sidebars_style":"","ocean_both_sidebars_content_width":0,"ocean_both_sidebars_sidebars_width":0,"ocean_sidebar":"","ocean_second_sidebar":"","ocean_disable_margins":"enable","ocean_add_body_class":"","ocean_shortcode_before_top_bar":"","ocean_shortcode_after_top_bar":"","ocean_shortcode_before_header":"","ocean_shortcode_after_header":"","ocean_has_shortcode":"","ocean_shortcode_after_title":"","ocean_shortcode_before_footer_widgets":"","ocean_shortcode_after_footer_widgets":"","ocean_shortcode_before_footer_bottom":"","ocean_shortcode_after_footer_bottom":"","ocean_display_top_bar":"default","ocean_display_header":"default","ocean_header_style":"","ocean_center_header_left_menu":"","ocean_custom_header_template":"","ocean_custom_logo":0,"ocean_custom_retina_logo":0,"ocean_custom_logo_max_width":0,"ocean_custom_logo_tablet_max_width":0,"ocean_custom_logo_mobile_max_width":0,"ocean_custom_logo_max_height":0,"ocean_custom_logo_tablet_max_height":0,"ocean_custom_logo_mobile_max_height":0,"ocean_header_custom_menu":"","ocean_menu_typo_font_family":"","ocean_menu_typo_font_subset":"","ocean_menu_typo_font_size":0,"ocean_menu_typo_font_size_tablet":0,"ocean_menu_typo_font_size_mobile":0,"ocean_menu_typo_font_size_unit":"px","ocean_menu_typo_font_weight":"","ocean_menu_typo_font_weight_tablet":"","ocean_menu_typo_font_weight_mobile":"","ocean_menu_typo_transform":"","ocean_menu_typo_transform_tablet":"","ocean_menu_typo_transform_mobile":"","ocean_menu_typo_line_height":0,"ocean_menu_typo_line_height_tablet":0,"ocean_menu_typo_line_height_mobile":0,"ocean_menu_typo_line_height_unit":"","ocean_menu_typo_spacing":0,"ocean_menu_typo_spacing_tablet":0,"ocean_menu_typo_spacing_mobile":0,"ocean_menu_typo_spacing_unit":"","ocean_menu_link_color":"","ocean_menu_link_color_hover":"","ocean_menu_link_color_active":"","ocean_menu_link_background":"","ocean_menu_link_hover_background":"","ocean_menu_link_active_background":"","ocean_menu_social_links_bg":"","ocean_menu_social_hover_links_bg":"","ocean_menu_social_links_color":"","ocean_menu_social_hover_links_color":"","ocean_disable_title":"default","ocean_disable_heading":"default","ocean_post_title":"","ocean_post_subheading":"","ocean_post_title_style":"","ocean_post_title_background_color":"","ocean_post_title_background":0,"ocean_post_title_bg_image_position":"","ocean_post_title_bg_image_attachment":"","ocean_post_title_bg_image_repeat":"","ocean_post_title_bg_image_size":"","ocean_post_title_height":0,"ocean_post_title_bg_overlay":0.5,"ocean_post_title_bg_overlay_color":"","ocean_disable_breadcrumbs":"default","ocean_breadcrumbs_color":"","ocean_breadcrumbs_separator_color":"","ocean_breadcrumbs_links_color":"","ocean_breadcrumbs_links_hover_color":"","ocean_display_footer_widgets":"default","ocean_display_footer_bottom":"default","ocean_custom_footer_template":"","footnotes":""},"class_list":["post-60","page","type-page","status-publish","hentry","entry"],"uagb_featured_image_src":{"full":false,"thumbnail":false,"medium":false,"medium_large":false,"large":false,"1536x1536":false,"2048x2048":false,"ocean-thumb-m":false,"ocean-thumb-ml":false,"ocean-thumb-l":false},"uagb_author_info":{"display_name":"jelmaai","author_link":"https:\/\/www.us2i.net\/?author=1"},"uagb_comment_info":0,"uagb_excerpt":"Quels sont les services propos\u00e9s par US2I ? Nous proposons une gamme compl\u00e8te de services dans les domaines du d\u00e9veloppement web, de la cybers\u00e9curit\u00e9, de la conception graphique et bien plus encore. Pour en savoir plus sur nos services, veuillez consulter la page \u00ab\u00a0Services\u00a0\u00bb de notre site web. Comment puis-je contacter le service client\u00e8le de\u2026","_links":{"self":[{"href":"https:\/\/www.us2i.net\/index.php?rest_route=\/wp\/v2\/pages\/60","targetHints":{"allow":["GET"]}}],"collection":[{"href":"https:\/\/www.us2i.net\/index.php?rest_route=\/wp\/v2\/pages"}],"about":[{"href":"https:\/\/www.us2i.net\/index.php?rest_route=\/wp\/v2\/types\/page"}],"author":[{"embeddable":true,"href":"https:\/\/www.us2i.net\/index.php?rest_route=\/wp\/v2\/users\/1"}],"replies":[{"embeddable":true,"href":"https:\/\/www.us2i.net\/index.php?rest_route=%2Fwp%2Fv2%2Fcomments&post=60"}],"version-history":[{"count":1,"href":"https:\/\/www.us2i.net\/index.php?rest_route=\/wp\/v2\/pages\/60\/revisions"}],"predecessor-version":[{"id":61,"href":"https:\/\/www.us2i.net\/index.php?rest_route=\/wp\/v2\/pages\/60\/revisions\/61"}],"wp:attachment":[{"href":"https:\/\/www.us2i.net\/index.php?rest_route=%2Fwp%2Fv2%2Fmedia&parent=60"}],"curies":[{"name":"wp","href":"https:\/\/api.w.org\/{rel}","templated":true}]}}