{"id":47,"date":"2024-04-16T13:31:36","date_gmt":"2024-04-16T11:31:36","guid":{"rendered":"https:\/\/www.us2i.net\/?page_id=47"},"modified":"2024-04-16T13:47:32","modified_gmt":"2024-04-16T11:47:32","slug":"temoignages","status":"publish","type":"page","link":"https:\/\/www.us2i.net\/?page_id=47","title":{"rendered":"T\u00e9moignages"},"content":{"rendered":"\n<ol class=\"wp-block-list\">\n<li><strong>John Doe, Entrepreneur :<\/strong> \u00ab\u00a0Gr\u00e2ce aux services de US2I, j&rsquo;ai pu d\u00e9velopper mon entreprise avec succ\u00e8s. Leur \u00e9quipe d\u00e9vou\u00e9e et leur expertise ont \u00e9t\u00e9 essentielles pour atteindre mes objectifs. Je recommande vivement US2I \u00e0 tous ceux qui cherchent \u00e0 faire \u00e9voluer leur entreprise.\u00a0\u00bb<\/li>\n\n\n\n<li><strong>Jane Smith, Propri\u00e9taire de petite entreprise :<\/strong> \u00ab\u00a0Je suis extr\u00eamement satisfait des services de US2I. Leur approche personnalis\u00e9e et leur soutien continu m&rsquo;ont permis de mettre en place une strat\u00e9gie num\u00e9rique efficace pour ma petite entreprise. Je suis reconnaissante pour leur professionnalisme et leur engagement envers mes besoins.\u00a0\u00bb<\/li>\n\n\n\n<li><strong>Michael Johnson, D\u00e9veloppeur web ind\u00e9pendant :<\/strong> \u00ab\u00a0Travailler avec US2I a \u00e9t\u00e9 une exp\u00e9rience formidable. Leur \u00e9quipe technique est exceptionnelle et leur compr\u00e9hension approfondie des derni\u00e8res tendances en d\u00e9veloppement web m&rsquo;a permis de cr\u00e9er des sites web de haute qualit\u00e9 pour mes clients. Je les recommande vivement \u00e0 tous ceux qui recherchent des services de d\u00e9veloppement web de premi\u00e8re classe.\u00a0\u00bb<\/li>\n\n\n\n<li><strong>Sarah Brown, Propri\u00e9taire d&rsquo;une boutique en ligne :<\/strong> \u00ab\u00a0US2I a \u00e9t\u00e9 un partenaire de confiance dans la croissance de ma boutique en ligne. Leur expertise en mati\u00e8re de commerce \u00e9lectronique et leur soutien continu m&rsquo;ont permis de d\u00e9velopper mon activit\u00e9 de mani\u00e8re significative. Je suis reconnaissante pour leur professionnalisme et leur d\u00e9vouement.\u00a0\u00bb<\/li>\n\n\n\n<li><strong>David Jones, Responsable marketing :<\/strong> \u00ab\u00a0US2I a \u00e9t\u00e9 un atout pr\u00e9cieux pour notre \u00e9quipe marketing. Leurs solutions cr\u00e9atives et leur compr\u00e9hension approfondie de nos besoins ont contribu\u00e9 \u00e0 la r\u00e9ussite de nos campagnes. Je recommande fortement US2I \u00e0 toute entreprise cherchant \u00e0 renforcer sa pr\u00e9sence en ligne.\u00a0\u00bb<\/li>\n\n\n\n<li><\/li>\n<\/ol>\n","protected":false},"excerpt":{"rendered":"","protected":false},"author":1,"featured_media":0,"parent":0,"menu_order":0,"comment_status":"closed","ping_status":"closed","template":"","meta":{"_uag_custom_page_level_css":"","ocean_post_layout":"","ocean_both_sidebars_style":"","ocean_both_sidebars_content_width":0,"ocean_both_sidebars_sidebars_width":0,"ocean_sidebar":"","ocean_second_sidebar":"","ocean_disable_margins":"enable","ocean_add_body_class":"","ocean_shortcode_before_top_bar":"","ocean_shortcode_after_top_bar":"","ocean_shortcode_before_header":"","ocean_shortcode_after_header":"","ocean_has_shortcode":"","ocean_shortcode_after_title":"","ocean_shortcode_before_footer_widgets":"","ocean_shortcode_after_footer_widgets":"","ocean_shortcode_before_footer_bottom":"","ocean_shortcode_after_footer_bottom":"","ocean_display_top_bar":"default","ocean_display_header":"default","ocean_header_style":"","ocean_center_header_left_menu":"","ocean_custom_header_template":"","ocean_custom_logo":0,"ocean_custom_retina_logo":0,"ocean_custom_logo_max_width":0,"ocean_custom_logo_tablet_max_width":0,"ocean_custom_logo_mobile_max_width":0,"ocean_custom_logo_max_height":0,"ocean_custom_logo_tablet_max_height":0,"ocean_custom_logo_mobile_max_height":0,"ocean_header_custom_menu":"","ocean_menu_typo_font_family":"","ocean_menu_typo_font_subset":"","ocean_menu_typo_font_size":0,"ocean_menu_typo_font_size_tablet":0,"ocean_menu_typo_font_size_mobile":0,"ocean_menu_typo_font_size_unit":"px","ocean_menu_typo_font_weight":"","ocean_menu_typo_font_weight_tablet":"","ocean_menu_typo_font_weight_mobile":"","ocean_menu_typo_transform":"","ocean_menu_typo_transform_tablet":"","ocean_menu_typo_transform_mobile":"","ocean_menu_typo_line_height":0,"ocean_menu_typo_line_height_tablet":0,"ocean_menu_typo_line_height_mobile":0,"ocean_menu_typo_line_height_unit":"","ocean_menu_typo_spacing":0,"ocean_menu_typo_spacing_tablet":0,"ocean_menu_typo_spacing_mobile":0,"ocean_menu_typo_spacing_unit":"","ocean_menu_link_color":"","ocean_menu_link_color_hover":"","ocean_menu_link_color_active":"","ocean_menu_link_background":"","ocean_menu_link_hover_background":"","ocean_menu_link_active_background":"","ocean_menu_social_links_bg":"","ocean_menu_social_hover_links_bg":"","ocean_menu_social_links_color":"","ocean_menu_social_hover_links_color":"","ocean_disable_title":"default","ocean_disable_heading":"default","ocean_post_title":"","ocean_post_subheading":"","ocean_post_title_style":"","ocean_post_title_background_color":"","ocean_post_title_background":0,"ocean_post_title_bg_image_position":"","ocean_post_title_bg_image_attachment":"","ocean_post_title_bg_image_repeat":"","ocean_post_title_bg_image_size":"","ocean_post_title_height":0,"ocean_post_title_bg_overlay":0.5,"ocean_post_title_bg_overlay_color":"","ocean_disable_breadcrumbs":"default","ocean_breadcrumbs_color":"","ocean_breadcrumbs_separator_color":"","ocean_breadcrumbs_links_color":"","ocean_breadcrumbs_links_hover_color":"","ocean_display_footer_widgets":"default","ocean_display_footer_bottom":"default","ocean_custom_footer_template":"","footnotes":""},"class_list":["post-47","page","type-page","status-publish","hentry","entry"],"uagb_featured_image_src":{"full":false,"thumbnail":false,"medium":false,"medium_large":false,"large":false,"1536x1536":false,"2048x2048":false,"ocean-thumb-m":false,"ocean-thumb-ml":false,"ocean-thumb-l":false},"uagb_author_info":{"display_name":"jelmaai","author_link":"https:\/\/www.us2i.net\/?author=1"},"uagb_comment_info":0,"uagb_excerpt":null,"_links":{"self":[{"href":"https:\/\/www.us2i.net\/index.php?rest_route=\/wp\/v2\/pages\/47","targetHints":{"allow":["GET"]}}],"collection":[{"href":"https:\/\/www.us2i.net\/index.php?rest_route=\/wp\/v2\/pages"}],"about":[{"href":"https:\/\/www.us2i.net\/index.php?rest_route=\/wp\/v2\/types\/page"}],"author":[{"embeddable":true,"href":"https:\/\/www.us2i.net\/index.php?rest_route=\/wp\/v2\/users\/1"}],"replies":[{"embeddable":true,"href":"https:\/\/www.us2i.net\/index.php?rest_route=%2Fwp%2Fv2%2Fcomments&post=47"}],"version-history":[{"count":11,"href":"https:\/\/www.us2i.net\/index.php?rest_route=\/wp\/v2\/pages\/47\/revisions"}],"predecessor-version":[{"id":59,"href":"https:\/\/www.us2i.net\/index.php?rest_route=\/wp\/v2\/pages\/47\/revisions\/59"}],"wp:attachment":[{"href":"https:\/\/www.us2i.net\/index.php?rest_route=%2Fwp%2Fv2%2Fmedia&parent=47"}],"curies":[{"name":"wp","href":"https:\/\/api.w.org\/{rel}","templated":true}]}}