{"id":42,"date":"2024-04-16T12:53:38","date_gmt":"2024-04-16T10:53:38","guid":{"rendered":"https:\/\/www.us2i.net\/?page_id=42"},"modified":"2024-04-16T12:53:38","modified_gmt":"2024-04-16T10:53:38","slug":"blog","status":"publish","type":"page","link":"https:\/\/www.us2i.net\/?page_id=42","title":{"rendered":"Blog"},"content":{"rendered":"\n<p>Bienvenue sur le blog de US2I, votre source d&rsquo;informations sur les derni\u00e8res tendances et innovations dans le domaine de la technologie. Que vous soyez int\u00e9ress\u00e9 par les derni\u00e8res avanc\u00e9es en d\u00e9veloppement web, la cybers\u00e9curit\u00e9, l&rsquo;analyse de donn\u00e9es ou d&rsquo;autres sujets li\u00e9s \u00e0 la technologie, notre blog est l\u00e0 pour vous tenir inform\u00e9. Notre \u00e9quipe d&rsquo;experts partage r\u00e9guli\u00e8rement des articles informatifs, des conseils pratiques et des analyses approfondies pour vous aider \u00e0 rester \u00e0 la pointe de votre domaine d&rsquo;int\u00e9r\u00eat. Explorez nos articles ci-dessous et enrichissez vos connaissances avec US2I.<\/p>\n\n\n\n<ol class=\"wp-block-list\">\n<li>\u00ab\u00a0Les Tendances du D\u00e9veloppement Web \u00e0 Surveiller en 2024\u00a0\u00bb<\/li>\n\n\n\n<li>\u00ab\u00a010 Conseils pour Renforcer la Cybers\u00e9curit\u00e9 de Votre Entreprise\u00a0\u00bb<\/li>\n\n\n\n<li>\u00ab\u00a0L&rsquo;Importance de l&rsquo;Analyse de Donn\u00e9es dans la Prise de D\u00e9cision Strat\u00e9gique\u00a0\u00bb<\/li>\n\n\n\n<li>\u00ab\u00a0Comment Am\u00e9liorer l&rsquo;Exp\u00e9rience Utilisateur sur Votre Site Web\u00a0\u00bb<\/li>\n\n\n\n<li>\u00ab\u00a0Les Avantages du Cloud Computing pour les Entreprises\u00a0\u00bb<\/li>\n\n\n\n<li>\u00ab\u00a0Les Meilleures Pratiques en Mati\u00e8re de R\u00e9f\u00e9rencement pour Votre Site Web\u00a0\u00bb<\/li>\n\n\n\n<li>\u00ab\u00a0Comment Prot\u00e9ger Votre Entreprise contre les Attaques de Phishing\u00a0\u00bb<\/li>\n\n\n\n<li>\u00ab\u00a0L&rsquo;Impact de l&rsquo;Intelligence Artificielle sur le Futur du Travail\u00a0\u00bb<\/li>\n\n\n\n<li>\u00ab\u00a0Strat\u00e9gies de Marketing Digital pour Faire Cro\u00eetre Votre Entreprise\u00a0\u00bb<\/li>\n\n\n\n<li>\u00ab\u00a0Comment Tirer Parti des Donn\u00e9es pour Optimiser Votre Cha\u00eene d&rsquo;Approvisionnement\u00a0\u00bb<\/li>\n<\/ol>\n","protected":false},"excerpt":{"rendered":"<p>Bienvenue sur le blog de US2I, votre source d&rsquo;informations sur les derni\u00e8res tendances et innovations dans le domaine de la technologie. Que vous soyez int\u00e9ress\u00e9 par les derni\u00e8res avanc\u00e9es en d\u00e9veloppement web, la cybers\u00e9curit\u00e9, l&rsquo;analyse de donn\u00e9es ou d&rsquo;autres sujets li\u00e9s \u00e0 la technologie, notre blog est l\u00e0 pour vous tenir inform\u00e9. Notre \u00e9quipe d&rsquo;experts [&hellip;]<\/p>\n","protected":false},"author":1,"featured_media":0,"parent":0,"menu_order":0,"comment_status":"closed","ping_status":"closed","template":"","meta":{"_uag_custom_page_level_css":"","ocean_post_layout":"","ocean_both_sidebars_style":"","ocean_both_sidebars_content_width":0,"ocean_both_sidebars_sidebars_width":0,"ocean_sidebar":"","ocean_second_sidebar":"","ocean_disable_margins":"enable","ocean_add_body_class":"","ocean_shortcode_before_top_bar":"","ocean_shortcode_after_top_bar":"","ocean_shortcode_before_header":"","ocean_shortcode_after_header":"","ocean_has_shortcode":"","ocean_shortcode_after_title":"","ocean_shortcode_before_footer_widgets":"","ocean_shortcode_after_footer_widgets":"","ocean_shortcode_before_footer_bottom":"","ocean_shortcode_after_footer_bottom":"","ocean_display_top_bar":"default","ocean_display_header":"default","ocean_header_style":"","ocean_center_header_left_menu":"","ocean_custom_header_template":"","ocean_custom_logo":0,"ocean_custom_retina_logo":0,"ocean_custom_logo_max_width":0,"ocean_custom_logo_tablet_max_width":0,"ocean_custom_logo_mobile_max_width":0,"ocean_custom_logo_max_height":0,"ocean_custom_logo_tablet_max_height":0,"ocean_custom_logo_mobile_max_height":0,"ocean_header_custom_menu":"","ocean_menu_typo_font_family":"","ocean_menu_typo_font_subset":"","ocean_menu_typo_font_size":0,"ocean_menu_typo_font_size_tablet":0,"ocean_menu_typo_font_size_mobile":0,"ocean_menu_typo_font_size_unit":"px","ocean_menu_typo_font_weight":"","ocean_menu_typo_font_weight_tablet":"","ocean_menu_typo_font_weight_mobile":"","ocean_menu_typo_transform":"","ocean_menu_typo_transform_tablet":"","ocean_menu_typo_transform_mobile":"","ocean_menu_typo_line_height":0,"ocean_menu_typo_line_height_tablet":0,"ocean_menu_typo_line_height_mobile":0,"ocean_menu_typo_line_height_unit":"","ocean_menu_typo_spacing":0,"ocean_menu_typo_spacing_tablet":0,"ocean_menu_typo_spacing_mobile":0,"ocean_menu_typo_spacing_unit":"","ocean_menu_link_color":"","ocean_menu_link_color_hover":"","ocean_menu_link_color_active":"","ocean_menu_link_background":"","ocean_menu_link_hover_background":"","ocean_menu_link_active_background":"","ocean_menu_social_links_bg":"","ocean_menu_social_hover_links_bg":"","ocean_menu_social_links_color":"","ocean_menu_social_hover_links_color":"","ocean_disable_title":"default","ocean_disable_heading":"default","ocean_post_title":"","ocean_post_subheading":"","ocean_post_title_style":"","ocean_post_title_background_color":"","ocean_post_title_background":0,"ocean_post_title_bg_image_position":"","ocean_post_title_bg_image_attachment":"","ocean_post_title_bg_image_repeat":"","ocean_post_title_bg_image_size":"","ocean_post_title_height":0,"ocean_post_title_bg_overlay":0.5,"ocean_post_title_bg_overlay_color":"","ocean_disable_breadcrumbs":"default","ocean_breadcrumbs_color":"","ocean_breadcrumbs_separator_color":"","ocean_breadcrumbs_links_color":"","ocean_breadcrumbs_links_hover_color":"","ocean_display_footer_widgets":"default","ocean_display_footer_bottom":"default","ocean_custom_footer_template":"","footnotes":""},"class_list":["post-42","page","type-page","status-publish","hentry","entry"],"uagb_featured_image_src":{"full":false,"thumbnail":false,"medium":false,"medium_large":false,"large":false,"1536x1536":false,"2048x2048":false,"ocean-thumb-m":false,"ocean-thumb-ml":false,"ocean-thumb-l":false},"uagb_author_info":{"display_name":"jelmaai","author_link":"https:\/\/www.us2i.net\/?author=1"},"uagb_comment_info":0,"uagb_excerpt":"Bienvenue sur le blog de US2I, votre source d&rsquo;informations sur les derni\u00e8res tendances et innovations dans le domaine de la technologie. Que vous soyez int\u00e9ress\u00e9 par les derni\u00e8res avanc\u00e9es en d\u00e9veloppement web, la cybers\u00e9curit\u00e9, l&rsquo;analyse de donn\u00e9es ou d&rsquo;autres sujets li\u00e9s \u00e0 la technologie, notre blog est l\u00e0 pour vous tenir inform\u00e9. Notre \u00e9quipe d&rsquo;experts\u2026","_links":{"self":[{"href":"https:\/\/www.us2i.net\/index.php?rest_route=\/wp\/v2\/pages\/42","targetHints":{"allow":["GET"]}}],"collection":[{"href":"https:\/\/www.us2i.net\/index.php?rest_route=\/wp\/v2\/pages"}],"about":[{"href":"https:\/\/www.us2i.net\/index.php?rest_route=\/wp\/v2\/types\/page"}],"author":[{"embeddable":true,"href":"https:\/\/www.us2i.net\/index.php?rest_route=\/wp\/v2\/users\/1"}],"replies":[{"embeddable":true,"href":"https:\/\/www.us2i.net\/index.php?rest_route=%2Fwp%2Fv2%2Fcomments&post=42"}],"version-history":[{"count":1,"href":"https:\/\/www.us2i.net\/index.php?rest_route=\/wp\/v2\/pages\/42\/revisions"}],"predecessor-version":[{"id":43,"href":"https:\/\/www.us2i.net\/index.php?rest_route=\/wp\/v2\/pages\/42\/revisions\/43"}],"wp:attachment":[{"href":"https:\/\/www.us2i.net\/index.php?rest_route=%2Fwp%2Fv2%2Fmedia&parent=42"}],"curies":[{"name":"wp","href":"https:\/\/api.w.org\/{rel}","templated":true}]}}